{"id":7996,"date":"2022-11-11T06:50:22","date_gmt":"2022-11-11T06:50:22","guid":{"rendered":"https:\/\/viskanspa-se.tbwebsite.com\/?post_type=product&#038;p=7996"},"modified":"2023-05-09T06:33:37","modified_gmt":"2023-05-09T06:33:37","slug":"powersupply-samt-startknapp-till-led-slinga-for-ytterpanel","status":"publish","type":"product","link":"https:\/\/viskanspa-se.tbwebsite.com\/en\/spabad\/reservdelar\/belysning\/powersupply-samt-startknapp-till-led-slinga-for-ytterpanel\/","title":{"rendered":"Transformator med startknapp till LED slinga"},"content":{"rendered":"","protected":false},"excerpt":{"rendered":"<p>Transformator med startknapp till LED-slinga. Transformatorn ansluts i elboxen med snabbkoppling, i LED-slingan med wagokl\u00e4mma<\/p>\n<p>H\u00e5ltagning beh\u00f6ver g\u00f6ras i ytterpanel f\u00f6r att f\u00e4sta startknappen &#8211; diameter 20 mm.<\/p>\n<p>IP67, 50\/60 Hz<\/p>\n<p>In 220V AC , 0,56A<\/p>\n<p>Ut 12V DC , Max 7,5A<\/p>","protected":false},"featured_media":7997,"template":"","meta":{"_acf_changed":false},"product_brand":[],"product_cat":[83,77],"product_tag":[],"class_list":{"0":"post-7996","1":"product","2":"type-product","3":"status-publish","4":"has-post-thumbnail","6":"product_cat-belysning","7":"product_cat-reservdelar","9":"first","10":"instock","11":"taxable","12":"shipping-taxable","13":"purchasable","14":"product-type-simple"},"acf":[],"_links":{"self":[{"href":"https:\/\/viskanspa-se.tbwebsite.com\/en\/wp-json\/wp\/v2\/product\/7996","targetHints":{"allow":["GET"]}}],"collection":[{"href":"https:\/\/viskanspa-se.tbwebsite.com\/en\/wp-json\/wp\/v2\/product"}],"about":[{"href":"https:\/\/viskanspa-se.tbwebsite.com\/en\/wp-json\/wp\/v2\/types\/product"}],"wp:featuredmedia":[{"embeddable":true,"href":"https:\/\/viskanspa-se.tbwebsite.com\/en\/wp-json\/wp\/v2\/media\/7997"}],"wp:attachment":[{"href":"https:\/\/viskanspa-se.tbwebsite.com\/en\/wp-json\/wp\/v2\/media?parent=7996"}],"wp:term":[{"taxonomy":"product_brand","embeddable":true,"href":"https:\/\/viskanspa-se.tbwebsite.com\/en\/wp-json\/wp\/v2\/product_brand?post=7996"},{"taxonomy":"product_cat","embeddable":true,"href":"https:\/\/viskanspa-se.tbwebsite.com\/en\/wp-json\/wp\/v2\/product_cat?post=7996"},{"taxonomy":"product_tag","embeddable":true,"href":"https:\/\/viskanspa-se.tbwebsite.com\/en\/wp-json\/wp\/v2\/product_tag?post=7996"}],"curies":[{"name":"wp","href":"https:\/\/api.w.org\/{rel}","templated":true}]}}