{"id":7998,"date":"2022-11-11T06:53:37","date_gmt":"2022-11-11T06:53:37","guid":{"rendered":"https:\/\/viskanspa-se.tbwebsite.com\/?post_type=product&#038;p=7998"},"modified":"2024-05-21T10:54:17","modified_gmt":"2024-05-21T10:54:17","slug":"led-slinga-for-ytterpanel","status":"publish","type":"product","link":"https:\/\/viskanspa-se.tbwebsite.com\/en\/spabad\/reservdelar\/belysning\/led-slinga-for-ytterpanel\/","title":{"rendered":"LED slingor"},"content":{"rendered":"","protected":false},"excerpt":{"rendered":"<p>LED slinga i tv\u00e5 l\u00e4ngder, 8 m samt 8,7 m. Slingan med LED-dioder har en sj\u00e4lvh\u00e4ftande baksida. Slingan kopplas via en transformator (best\u00e4lls separat) till kontrollboxen. Startknapp ing\u00e5r i transformatorn s\u00e5 man kan v\u00e4lja n\u00e4r slingan kan vara t\u00e4nd\/sl\u00e4ckt.<\/p>\n<p>Varmvit 3000-3500 K<\/p>\n<p>12 V<\/p>\n<p>Art.nr 60610 &#8211; Transformator med separat startknapp<\/p>","protected":false},"featured_media":7995,"template":"","meta":{"_acf_changed":false},"product_brand":[],"product_cat":[83,77],"product_tag":[],"class_list":{"0":"post-7998","1":"product","2":"type-product","3":"status-publish","4":"has-post-thumbnail","6":"product_cat-belysning","7":"product_cat-reservdelar","9":"first","10":"instock","11":"taxable","12":"shipping-taxable","13":"purchasable","14":"product-type-variable"},"acf":[],"_links":{"self":[{"href":"https:\/\/viskanspa-se.tbwebsite.com\/en\/wp-json\/wp\/v2\/product\/7998","targetHints":{"allow":["GET"]}}],"collection":[{"href":"https:\/\/viskanspa-se.tbwebsite.com\/en\/wp-json\/wp\/v2\/product"}],"about":[{"href":"https:\/\/viskanspa-se.tbwebsite.com\/en\/wp-json\/wp\/v2\/types\/product"}],"wp:featuredmedia":[{"embeddable":true,"href":"https:\/\/viskanspa-se.tbwebsite.com\/en\/wp-json\/wp\/v2\/media\/7995"}],"wp:attachment":[{"href":"https:\/\/viskanspa-se.tbwebsite.com\/en\/wp-json\/wp\/v2\/media?parent=7998"}],"wp:term":[{"taxonomy":"product_brand","embeddable":true,"href":"https:\/\/viskanspa-se.tbwebsite.com\/en\/wp-json\/wp\/v2\/product_brand?post=7998"},{"taxonomy":"product_cat","embeddable":true,"href":"https:\/\/viskanspa-se.tbwebsite.com\/en\/wp-json\/wp\/v2\/product_cat?post=7998"},{"taxonomy":"product_tag","embeddable":true,"href":"https:\/\/viskanspa-se.tbwebsite.com\/en\/wp-json\/wp\/v2\/product_tag?post=7998"}],"curies":[{"name":"wp","href":"https:\/\/api.w.org\/{rel}","templated":true}]}}