{"id":8116,"date":"2022-11-25T14:41:06","date_gmt":"2022-11-25T14:41:06","guid":{"rendered":"https:\/\/viskanspa-se.tbwebsite.com\/?post_type=product&#038;p=8116"},"modified":"2024-05-21T10:57:35","modified_gmt":"2024-05-21T10:57:35","slug":"lim-pvc","status":"publish","type":"product","link":"https:\/\/viskanspa-se.tbwebsite.com\/en\/spabad\/reservdelar\/lim-pvc\/","title":{"rendered":"Lim PVC"},"content":{"rendered":"","protected":false},"excerpt":{"rendered":"<p>Lim till komponenter i PVC, tex slang, vinklar, jets mm. Limmet \u00e4r bl\u00e5tt f\u00f6r att enkelt se att hela ytan har lim p\u00e5 sig innan hops\u00e4ttning.<\/p>\n<p>Burk med limpensel i locket, 118 ml eller 0,95 L<\/p>\n<p>Klicka h\u00e4r f\u00f6r s\u00e4kerhetsdatablad<\/p>\n<p>&nbsp;<\/p>","protected":false},"featured_media":8119,"template":"","meta":{"_acf_changed":false},"product_brand":[],"product_cat":[77,92,94],"product_tag":[],"class_list":{"0":"post-8116","1":"product","2":"type-product","3":"status-publish","4":"has-post-thumbnail","6":"product_cat-reservdelar","7":"product_cat-slangar-ror","8":"product_cat-ovrigt","10":"first","11":"instock","12":"taxable","13":"shipping-taxable","14":"purchasable","15":"product-type-variable"},"acf":[],"_links":{"self":[{"href":"https:\/\/viskanspa-se.tbwebsite.com\/en\/wp-json\/wp\/v2\/product\/8116","targetHints":{"allow":["GET"]}}],"collection":[{"href":"https:\/\/viskanspa-se.tbwebsite.com\/en\/wp-json\/wp\/v2\/product"}],"about":[{"href":"https:\/\/viskanspa-se.tbwebsite.com\/en\/wp-json\/wp\/v2\/types\/product"}],"wp:featuredmedia":[{"embeddable":true,"href":"https:\/\/viskanspa-se.tbwebsite.com\/en\/wp-json\/wp\/v2\/media\/8119"}],"wp:attachment":[{"href":"https:\/\/viskanspa-se.tbwebsite.com\/en\/wp-json\/wp\/v2\/media?parent=8116"}],"wp:term":[{"taxonomy":"product_brand","embeddable":true,"href":"https:\/\/viskanspa-se.tbwebsite.com\/en\/wp-json\/wp\/v2\/product_brand?post=8116"},{"taxonomy":"product_cat","embeddable":true,"href":"https:\/\/viskanspa-se.tbwebsite.com\/en\/wp-json\/wp\/v2\/product_cat?post=8116"},{"taxonomy":"product_tag","embeddable":true,"href":"https:\/\/viskanspa-se.tbwebsite.com\/en\/wp-json\/wp\/v2\/product_tag?post=8116"}],"curies":[{"name":"wp","href":"https:\/\/api.w.org\/{rel}","templated":true}]}}