{"id":8124,"date":"2022-11-28T09:12:31","date_gmt":"2022-11-28T09:12:31","guid":{"rendered":"https:\/\/viskanspa-se.tbwebsite.com\/?post_type=product&#038;p=8124"},"modified":"2024-05-21T09:51:46","modified_gmt":"2024-05-21T09:51:46","slug":"aquatic-hogtalare-3","status":"publish","type":"product","link":"https:\/\/viskanspa-se.tbwebsite.com\/en\/spabad\/reservdelar\/aquatic-hogtalare-3\/","title":{"rendered":"Aquatic H\u00f6gtalare 3&#8243;"},"content":{"rendered":"","protected":false},"excerpt":{"rendered":"<p>En h\u00f6gtalare som \u00e4r vattent\u00e4t, robust och designad f\u00f6r bl.a. spabad. Dessa 3-tums h\u00f6gtalare har en maxeffekt p\u00e5 60 W (30 W RMS) och en frekvensrespons p\u00e5 125 Hz-20 000 Hz, idealiska f\u00f6r installationer med utrymmesbegr\u00e4nsningar. H\u00f6gtalaren monteras i en \u00f6ppning p\u00e5 73 mm och kr\u00e4ver ett djup p\u00e5 endast 43 mm.<\/p>\n<p>Undvik att montera h\u00f6gtalaren under vattenniv\u00e5.<\/p>","protected":false},"featured_media":8127,"template":"","meta":{"_acf_changed":false},"product_brand":[],"product_cat":[77,89],"product_tag":[],"class_list":{"0":"post-8124","1":"product","2":"type-product","3":"status-publish","4":"has-post-thumbnail","6":"product_cat-reservdelar","7":"product_cat-musik","9":"first","10":"instock","11":"taxable","12":"shipping-taxable","13":"purchasable","14":"product-type-simple"},"acf":[],"_links":{"self":[{"href":"https:\/\/viskanspa-se.tbwebsite.com\/en\/wp-json\/wp\/v2\/product\/8124","targetHints":{"allow":["GET"]}}],"collection":[{"href":"https:\/\/viskanspa-se.tbwebsite.com\/en\/wp-json\/wp\/v2\/product"}],"about":[{"href":"https:\/\/viskanspa-se.tbwebsite.com\/en\/wp-json\/wp\/v2\/types\/product"}],"wp:featuredmedia":[{"embeddable":true,"href":"https:\/\/viskanspa-se.tbwebsite.com\/en\/wp-json\/wp\/v2\/media\/8127"}],"wp:attachment":[{"href":"https:\/\/viskanspa-se.tbwebsite.com\/en\/wp-json\/wp\/v2\/media?parent=8124"}],"wp:term":[{"taxonomy":"product_brand","embeddable":true,"href":"https:\/\/viskanspa-se.tbwebsite.com\/en\/wp-json\/wp\/v2\/product_brand?post=8124"},{"taxonomy":"product_cat","embeddable":true,"href":"https:\/\/viskanspa-se.tbwebsite.com\/en\/wp-json\/wp\/v2\/product_cat?post=8124"},{"taxonomy":"product_tag","embeddable":true,"href":"https:\/\/viskanspa-se.tbwebsite.com\/en\/wp-json\/wp\/v2\/product_tag?post=8124"}],"curies":[{"name":"wp","href":"https:\/\/api.w.org\/{rel}","templated":true}]}}