{"id":8134,"date":"2022-11-28T09:50:58","date_gmt":"2022-11-28T09:50:58","guid":{"rendered":"https:\/\/viskanspa-se.tbwebsite.com\/?post_type=product&#038;p=8134"},"modified":"2024-02-14T12:37:52","modified_gmt":"2024-02-14T12:37:52","slug":"hogtalare-poly-planar-oval-popup","status":"publish","type":"product","link":"https:\/\/viskanspa-se.tbwebsite.com\/en\/spabad\/reservdelar\/hogtalare-poly-planar-oval-popup\/","title":{"rendered":"H\u00f6gtalare Poly Planar, oval popup"},"content":{"rendered":"","protected":false},"excerpt":{"rendered":"<p><span class=\"jCAhz ChMk0b\"><span class=\"ryNqvb\">En oval popup-h\u00f6gtalare designad speciellt f\u00f6r spamilj\u00f6.<\/span><\/span> <span class=\"jCAhz ChMk0b\"><span class=\"ryNqvb\">Elegant, stilren och robust konstruktion av <\/span><\/span><span class=\"jCAhz ChMk0b\"><span class=\"ryNqvb\">material som \u00e4r noga utvalda f\u00f6r att motst\u00e5 spakemikalier, UV-exponering och vatten.\u00a0<\/span><\/span><span class=\"jCAhz ChMk0b\"><span class=\"ryNqvb\">Pop-up n\u00e4r den anv\u00e4nds och pop-down n\u00e4r den inte anv\u00e4nds eller n\u00e4r spabadet \u00e4r t\u00e4ckt.\u00a0<\/span><\/span><\/p>\n<p>Se m\u00e5ttskiss f\u00f6r h\u00e5lstorlek i badet, <a href=\"https:\/\/viskanspa-se.tbwebsite.com\/wp-content\/uploads\/2023\/04\/50987-Installation.pdf\">klicka h\u00e4r<\/a><\/p>","protected":false},"featured_media":8135,"template":"","meta":{"_acf_changed":false},"product_brand":[],"product_cat":[77,89],"product_tag":[],"class_list":{"0":"post-8134","1":"product","2":"type-product","3":"status-publish","4":"has-post-thumbnail","6":"product_cat-reservdelar","7":"product_cat-musik","9":"first","10":"instock","11":"taxable","12":"shipping-taxable","13":"purchasable","14":"product-type-simple"},"acf":[],"_links":{"self":[{"href":"https:\/\/viskanspa-se.tbwebsite.com\/en\/wp-json\/wp\/v2\/product\/8134","targetHints":{"allow":["GET"]}}],"collection":[{"href":"https:\/\/viskanspa-se.tbwebsite.com\/en\/wp-json\/wp\/v2\/product"}],"about":[{"href":"https:\/\/viskanspa-se.tbwebsite.com\/en\/wp-json\/wp\/v2\/types\/product"}],"wp:featuredmedia":[{"embeddable":true,"href":"https:\/\/viskanspa-se.tbwebsite.com\/en\/wp-json\/wp\/v2\/media\/8135"}],"wp:attachment":[{"href":"https:\/\/viskanspa-se.tbwebsite.com\/en\/wp-json\/wp\/v2\/media?parent=8134"}],"wp:term":[{"taxonomy":"product_brand","embeddable":true,"href":"https:\/\/viskanspa-se.tbwebsite.com\/en\/wp-json\/wp\/v2\/product_brand?post=8134"},{"taxonomy":"product_cat","embeddable":true,"href":"https:\/\/viskanspa-se.tbwebsite.com\/en\/wp-json\/wp\/v2\/product_cat?post=8134"},{"taxonomy":"product_tag","embeddable":true,"href":"https:\/\/viskanspa-se.tbwebsite.com\/en\/wp-json\/wp\/v2\/product_tag?post=8134"}],"curies":[{"name":"wp","href":"https:\/\/api.w.org\/{rel}","templated":true}]}}