{"id":8137,"date":"2022-11-28T09:56:31","date_gmt":"2022-11-28T09:56:31","guid":{"rendered":"https:\/\/viskanspa-se.tbwebsite.com\/?post_type=product&#038;p=8137"},"modified":"2024-02-14T12:53:57","modified_gmt":"2024-02-14T12:53:57","slug":"musikenhet-bluetooth","status":"publish","type":"product","link":"https:\/\/viskanspa-se.tbwebsite.com\/en\/spabad\/reservdelar\/musikenhet-bluetooth\/","title":{"rendered":"Musikenhet Bluetooth"},"content":{"rendered":"","protected":false},"excerpt":{"rendered":"<p><span class=\"jCAhz ChMk0b\"><span class=\"ryNqvb\">Bluetooth &#8211; bba\u21222 ljudl\u00f6sning<\/span><\/span><\/p>\n<p><span class=\"jCAhz ChMk0b\"><span class=\"ryNqvb\">Helt integrerad med BP-seriens spakontroller, i<\/span><\/span><span class=\"jCAhz ChMk0b\"><span class=\"ryNqvb\">ngen extra kontrollpanel beh\u00f6vs.<\/span><\/span> <span class=\"jCAhz ChMk0b\"><span class=\"ryNqvb\">bba\u2122 kan styras via din smartphone eller via kontrollpanel p\u00e5 ovansidan (spaTouch\u21221, spaTouch\u21222).<\/span><\/span><\/p>\n<p><span class=\"jCAhz ChMk0b\"><span class=\"ryNqvb\">Lyssna p\u00e5 dina favoritl\u00e5tar eller streama musik fr\u00e5n din smartphone och styr den fr\u00e5n l\u00e4ttanv\u00e4nda menyer.<\/span><\/span><\/p>\n<p><span class=\"jCAhz ChMk0b\"><span class=\"ryNqvb\">Funktioner:<\/span><\/span><\/p>\n<ul>\n<li><span class=\"jCAhz ChMk0b\"><span class=\"ryNqvb\">Fyra kanaler.<\/span><\/span><\/li>\n<li><span class=\"jCAhz ChMk0b\"><span class=\"ryNqvb\">120 Watt RMS Bluetooth tr\u00e5dl\u00f6s ljudf\u00f6rst\u00e4rkare<\/span><\/span><\/li>\n<li><span class=\"jCAhz ChMk0b\"><span class=\"ryNqvb\">Upp till 30W RMS per kanal<\/span><\/span> <span class=\"jCAhz ChMk0b\"><span class=\"ryNqvb\">&#8211; L\u00e5ttitel \/ artistinformation<\/span><\/span> <span class=\"jCAhz ChMk0b\"><span class=\"ryNqvb\">-Inbyggd ljud EQ (equalizer) l\u00e4gen:<\/span><\/span><\/li>\n<li><span class=\"jCAhz ChMk0b\"><span class=\"ryNqvb\">\u00a0BT3.0-HS\/BT4.0 EDR<\/span><\/span><\/li>\n<\/ul>","protected":false},"featured_media":8139,"template":"","meta":{"_acf_changed":false},"product_brand":[],"product_cat":[77,89],"product_tag":[],"class_list":{"0":"post-8137","1":"product","2":"type-product","3":"status-publish","4":"has-post-thumbnail","6":"product_cat-reservdelar","7":"product_cat-musik","9":"first","10":"instock","11":"taxable","12":"shipping-taxable","13":"purchasable","14":"product-type-simple"},"acf":[],"_links":{"self":[{"href":"https:\/\/viskanspa-se.tbwebsite.com\/en\/wp-json\/wp\/v2\/product\/8137","targetHints":{"allow":["GET"]}}],"collection":[{"href":"https:\/\/viskanspa-se.tbwebsite.com\/en\/wp-json\/wp\/v2\/product"}],"about":[{"href":"https:\/\/viskanspa-se.tbwebsite.com\/en\/wp-json\/wp\/v2\/types\/product"}],"wp:featuredmedia":[{"embeddable":true,"href":"https:\/\/viskanspa-se.tbwebsite.com\/en\/wp-json\/wp\/v2\/media\/8139"}],"wp:attachment":[{"href":"https:\/\/viskanspa-se.tbwebsite.com\/en\/wp-json\/wp\/v2\/media?parent=8137"}],"wp:term":[{"taxonomy":"product_brand","embeddable":true,"href":"https:\/\/viskanspa-se.tbwebsite.com\/en\/wp-json\/wp\/v2\/product_brand?post=8137"},{"taxonomy":"product_cat","embeddable":true,"href":"https:\/\/viskanspa-se.tbwebsite.com\/en\/wp-json\/wp\/v2\/product_cat?post=8137"},{"taxonomy":"product_tag","embeddable":true,"href":"https:\/\/viskanspa-se.tbwebsite.com\/en\/wp-json\/wp\/v2\/product_tag?post=8137"}],"curies":[{"name":"wp","href":"https:\/\/api.w.org\/{rel}","templated":true}]}}