{"id":8138,"date":"2022-11-28T09:57:10","date_gmt":"2022-11-28T09:57:10","guid":{"rendered":"https:\/\/viskanspa-se.tbwebsite.com\/?post_type=product&#038;p=8138"},"modified":"2024-05-23T11:53:30","modified_gmt":"2024-05-23T11:53:30","slug":"subwoofer-poly-planar","status":"publish","type":"product","link":"https:\/\/viskanspa-se.tbwebsite.com\/en\/spabad\/reservdelar\/subwoofer-poly-planar\/","title":{"rendered":"Subwoofer Poly planar"},"content":{"rendered":"","protected":false},"excerpt":{"rendered":"<p>Subwoofer Poly planar \u00e4r en kompakt subwoofer som \u00e4r vattent\u00e5lig och den lilla storleken g\u00f6ra att du enkelt kan montera det inuti spabadet.<\/p>\n<p>Storlek: <span class=\"jCAhz ChMk0b\"><span class=\"ryNqvb\">L\u00e4ngd: 292 mm, <\/span><\/span><span class=\"jCAhz ChMk0b\"><span class=\"ryNqvb\">Bredd, 218 mm<\/span><\/span> <span class=\"jCAhz ChMk0b\"><span class=\"ryNqvb\">\u00a0<\/span><\/span><span class=\"jCAhz ChMk0b\"><span class=\"ryNqvb\">H\u00f6jd: 122 mm<\/span><\/span><\/p>\n<p>&nbsp;<\/p>","protected":false},"featured_media":8140,"template":"","meta":{"_acf_changed":false},"product_brand":[],"product_cat":[77,89],"product_tag":[],"class_list":{"0":"post-8138","1":"product","2":"type-product","3":"status-publish","4":"has-post-thumbnail","6":"product_cat-reservdelar","7":"product_cat-musik","9":"first","10":"instock","11":"taxable","12":"shipping-taxable","13":"purchasable","14":"product-type-simple"},"acf":[],"_links":{"self":[{"href":"https:\/\/viskanspa-se.tbwebsite.com\/en\/wp-json\/wp\/v2\/product\/8138","targetHints":{"allow":["GET"]}}],"collection":[{"href":"https:\/\/viskanspa-se.tbwebsite.com\/en\/wp-json\/wp\/v2\/product"}],"about":[{"href":"https:\/\/viskanspa-se.tbwebsite.com\/en\/wp-json\/wp\/v2\/types\/product"}],"wp:featuredmedia":[{"embeddable":true,"href":"https:\/\/viskanspa-se.tbwebsite.com\/en\/wp-json\/wp\/v2\/media\/8140"}],"wp:attachment":[{"href":"https:\/\/viskanspa-se.tbwebsite.com\/en\/wp-json\/wp\/v2\/media?parent=8138"}],"wp:term":[{"taxonomy":"product_brand","embeddable":true,"href":"https:\/\/viskanspa-se.tbwebsite.com\/en\/wp-json\/wp\/v2\/product_brand?post=8138"},{"taxonomy":"product_cat","embeddable":true,"href":"https:\/\/viskanspa-se.tbwebsite.com\/en\/wp-json\/wp\/v2\/product_cat?post=8138"},{"taxonomy":"product_tag","embeddable":true,"href":"https:\/\/viskanspa-se.tbwebsite.com\/en\/wp-json\/wp\/v2\/product_tag?post=8138"}],"curies":[{"name":"wp","href":"https:\/\/api.w.org\/{rel}","templated":true}]}}