{"id":8146,"date":"2022-11-28T12:19:08","date_gmt":"2022-11-28T12:19:08","guid":{"rendered":"https:\/\/viskanspa-se.tbwebsite.com\/?post_type=product&#038;p=8146"},"modified":"2024-05-21T10:35:47","modified_gmt":"2024-05-21T10:35:47","slug":"kopplingsklamma-wago-3-pol","status":"publish","type":"product","link":"https:\/\/viskanspa-se.tbwebsite.com\/en\/spabad\/reservdelar\/kopplingsklamma-wago-3-pol\/","title":{"rendered":"Kopplingskl\u00e4mma Wago 3 pol"},"content":{"rendered":"","protected":false},"excerpt":{"rendered":"<p>Anslutningskl\u00e4mma f\u00f6r alla ledartyper; max. 4 mm\u00b2; 3 ledare; med \u00f6ppningsbar arm; transparent h\u00f6lje; Omgivande drifttemp.: max. 85 \u00b0C (T85); 4,00 mm\u00b2; transparent<\/p>","protected":false},"featured_media":8298,"template":"","meta":{"_acf_changed":false},"product_brand":[],"product_cat":[77,89,94],"product_tag":[],"class_list":{"0":"post-8146","1":"product","2":"type-product","3":"status-publish","4":"has-post-thumbnail","6":"product_cat-reservdelar","7":"product_cat-musik","8":"product_cat-ovrigt","10":"first","11":"instock","12":"taxable","13":"shipping-taxable","14":"purchasable","15":"product-type-simple"},"acf":[],"_links":{"self":[{"href":"https:\/\/viskanspa-se.tbwebsite.com\/en\/wp-json\/wp\/v2\/product\/8146","targetHints":{"allow":["GET"]}}],"collection":[{"href":"https:\/\/viskanspa-se.tbwebsite.com\/en\/wp-json\/wp\/v2\/product"}],"about":[{"href":"https:\/\/viskanspa-se.tbwebsite.com\/en\/wp-json\/wp\/v2\/types\/product"}],"wp:featuredmedia":[{"embeddable":true,"href":"https:\/\/viskanspa-se.tbwebsite.com\/en\/wp-json\/wp\/v2\/media\/8298"}],"wp:attachment":[{"href":"https:\/\/viskanspa-se.tbwebsite.com\/en\/wp-json\/wp\/v2\/media?parent=8146"}],"wp:term":[{"taxonomy":"product_brand","embeddable":true,"href":"https:\/\/viskanspa-se.tbwebsite.com\/en\/wp-json\/wp\/v2\/product_brand?post=8146"},{"taxonomy":"product_cat","embeddable":true,"href":"https:\/\/viskanspa-se.tbwebsite.com\/en\/wp-json\/wp\/v2\/product_cat?post=8146"},{"taxonomy":"product_tag","embeddable":true,"href":"https:\/\/viskanspa-se.tbwebsite.com\/en\/wp-json\/wp\/v2\/product_tag?post=8146"}],"curies":[{"name":"wp","href":"https:\/\/api.w.org\/{rel}","templated":true}]}}