{"id":8155,"date":"2022-11-28T13:16:54","date_gmt":"2022-11-28T13:16:54","guid":{"rendered":"https:\/\/viskanspa-se.tbwebsite.com\/?post_type=product&#038;p=8155"},"modified":"2023-11-17T12:02:48","modified_gmt":"2023-11-17T12:02:48","slug":"cirkulationspump-balboa","status":"publish","type":"product","link":"https:\/\/viskanspa-se.tbwebsite.com\/en\/spabad\/reservdelar\/cirkulationspump-balboa\/","title":{"rendered":"Cirkulationspump Balboa"},"content":{"rendered":"<p>Cirkulationspump fr\u00e5n Balboa inkl. 1,3 m anslutningskabel med 4 pins amp-koppling<\/p>\n<p>230 V \u2013 0,8 A &#8211; 50 hz<\/p>\n<p>60W<\/p>\n<p>&nbsp;<\/p>\n<p><strong>Beh\u00f6ver du tillbeh\u00f6r f\u00f6r montering?<\/strong><\/p>\n<ul>\n<li>61033 \u2013 Pumpunion rak 50 mm<\/li>\n<li>50866 &#8211;\u00a0 Pumunion rak 1,5\u201d<\/li>\n<li>50612 \u2013 Pumpunion 50 mm 90gr<\/li>\n<li>60007 \u2013 Foamskiva f\u00f6r ljudd\u00e4mpning<\/li>\n<li>50654 \u2013 Jordkabel 2,5mm<sup>2<\/sup><\/li>\n<\/ul>","protected":false},"excerpt":{"rendered":"<p>Cirkulationspump fr\u00e5n Balboa inkl. 1,3 m anslutningskabel med 4 pins amp-koppling<\/p>\n<p>230 V \u2013 0,8 A &#8211; 50 hz<\/p>\n<p>60W<\/p>","protected":false},"featured_media":9830,"template":"","meta":{"_acf_changed":false},"product_brand":[],"product_cat":[77,81],"product_tag":[],"class_list":{"0":"post-8155","1":"product","2":"type-product","3":"status-publish","4":"has-post-thumbnail","6":"product_cat-reservdelar","7":"product_cat-cirkulationspumpar","9":"first","10":"instock","11":"taxable","12":"shipping-taxable","13":"purchasable","14":"product-type-simple"},"acf":[],"_links":{"self":[{"href":"https:\/\/viskanspa-se.tbwebsite.com\/en\/wp-json\/wp\/v2\/product\/8155","targetHints":{"allow":["GET"]}}],"collection":[{"href":"https:\/\/viskanspa-se.tbwebsite.com\/en\/wp-json\/wp\/v2\/product"}],"about":[{"href":"https:\/\/viskanspa-se.tbwebsite.com\/en\/wp-json\/wp\/v2\/types\/product"}],"wp:featuredmedia":[{"embeddable":true,"href":"https:\/\/viskanspa-se.tbwebsite.com\/en\/wp-json\/wp\/v2\/media\/9830"}],"wp:attachment":[{"href":"https:\/\/viskanspa-se.tbwebsite.com\/en\/wp-json\/wp\/v2\/media?parent=8155"}],"wp:term":[{"taxonomy":"product_brand","embeddable":true,"href":"https:\/\/viskanspa-se.tbwebsite.com\/en\/wp-json\/wp\/v2\/product_brand?post=8155"},{"taxonomy":"product_cat","embeddable":true,"href":"https:\/\/viskanspa-se.tbwebsite.com\/en\/wp-json\/wp\/v2\/product_cat?post=8155"},{"taxonomy":"product_tag","embeddable":true,"href":"https:\/\/viskanspa-se.tbwebsite.com\/en\/wp-json\/wp\/v2\/product_tag?post=8155"}],"curies":[{"name":"wp","href":"https:\/\/api.w.org\/{rel}","templated":true}]}}