{"id":8157,"date":"2022-11-28T13:20:18","date_gmt":"2022-11-28T13:20:18","guid":{"rendered":"https:\/\/viskanspa-se.tbwebsite.com\/?post_type=product&#038;p=8157"},"modified":"2023-05-09T06:33:46","modified_gmt":"2023-05-09T06:33:46","slug":"cirkulationspump-tiny-might","status":"publish","type":"product","link":"https:\/\/viskanspa-se.tbwebsite.com\/en\/spabad\/reservdelar\/cirkulationspumpar\/cirkulationspump-tiny-might\/","title":{"rendered":"Cirkulationspump Tiny Might"},"content":{"rendered":"","protected":false},"excerpt":{"rendered":"<p>Cirkulationspump Tiny Might. Pumpunionsanslutning 1\u201dPumpen \u00e4r utan anslutningskabel<\/p>\n<p>230V &#8211; 1A<\/p>\n<p>230W<\/p>\n<p><strong>Beh\u00f6ver du tillbeh\u00f6r f\u00f6r montering:<\/strong><\/p>\n<ul>\n<li>60007 \u2013 Foamskiva f\u00f6r ljudd\u00e4mpning<\/li>\n<li>50654 \u2013 Jordkabel 2,5mm<sup>2<\/sup><\/li>\n<\/ul>\n<p>&nbsp;<\/p>","protected":false},"featured_media":8794,"template":"","meta":{"_acf_changed":false},"product_brand":[],"product_cat":[77,81],"product_tag":[],"class_list":{"0":"post-8157","1":"product","2":"type-product","3":"status-publish","4":"has-post-thumbnail","6":"product_cat-reservdelar","7":"product_cat-cirkulationspumpar","9":"first","10":"instock","11":"taxable","12":"shipping-taxable","13":"purchasable","14":"product-type-simple"},"acf":[],"_links":{"self":[{"href":"https:\/\/viskanspa-se.tbwebsite.com\/en\/wp-json\/wp\/v2\/product\/8157","targetHints":{"allow":["GET"]}}],"collection":[{"href":"https:\/\/viskanspa-se.tbwebsite.com\/en\/wp-json\/wp\/v2\/product"}],"about":[{"href":"https:\/\/viskanspa-se.tbwebsite.com\/en\/wp-json\/wp\/v2\/types\/product"}],"wp:featuredmedia":[{"embeddable":true,"href":"https:\/\/viskanspa-se.tbwebsite.com\/en\/wp-json\/wp\/v2\/media\/8794"}],"wp:attachment":[{"href":"https:\/\/viskanspa-se.tbwebsite.com\/en\/wp-json\/wp\/v2\/media?parent=8157"}],"wp:term":[{"taxonomy":"product_brand","embeddable":true,"href":"https:\/\/viskanspa-se.tbwebsite.com\/en\/wp-json\/wp\/v2\/product_brand?post=8157"},{"taxonomy":"product_cat","embeddable":true,"href":"https:\/\/viskanspa-se.tbwebsite.com\/en\/wp-json\/wp\/v2\/product_cat?post=8157"},{"taxonomy":"product_tag","embeddable":true,"href":"https:\/\/viskanspa-se.tbwebsite.com\/en\/wp-json\/wp\/v2\/product_tag?post=8157"}],"curies":[{"name":"wp","href":"https:\/\/api.w.org\/{rel}","templated":true}]}}