{"id":8182,"date":"2022-11-28T14:44:10","date_gmt":"2022-11-28T14:44:10","guid":{"rendered":"https:\/\/viskanspa-se.tbwebsite.com\/?post_type=product&#038;p=8182"},"modified":"2024-05-21T10:04:17","modified_gmt":"2024-05-21T10:04:17","slug":"spakontroll-tp500s","status":"publish","type":"product","link":"https:\/\/viskanspa-se.tbwebsite.com\/en\/spabad\/reservdelar\/kontrollpaneler\/spakontroll-tp500s\/","title":{"rendered":"Kontrollpanel Balboa TP500S"},"content":{"rendered":"","protected":false},"excerpt":{"rendered":"<p>Balboa spakontroll TP500S, styr 2 pumpar, belysning samt h\u00f6jer\/s\u00e4nker temperaturen. Menyknapp f\u00f6r enklare \u00f6versikt inst\u00e4llningar. TP500S kan ers\u00e4tta TP600 spakontroll<\/p>\n<p>Passar tex elbox BP200, BP2100<\/p>\n<p>Displayetikett ing\u00e5r ej, best\u00e4lls separat<\/p>","protected":false},"featured_media":8183,"template":"","meta":{"_acf_changed":false},"product_brand":[],"product_cat":[77,84],"product_tag":[],"class_list":{"0":"post-8182","1":"product","2":"type-product","3":"status-publish","4":"has-post-thumbnail","6":"product_cat-reservdelar","7":"product_cat-kontrollpaneler","9":"first","10":"instock","11":"taxable","12":"shipping-taxable","13":"purchasable","14":"product-type-variable"},"acf":[],"_links":{"self":[{"href":"https:\/\/viskanspa-se.tbwebsite.com\/en\/wp-json\/wp\/v2\/product\/8182","targetHints":{"allow":["GET"]}}],"collection":[{"href":"https:\/\/viskanspa-se.tbwebsite.com\/en\/wp-json\/wp\/v2\/product"}],"about":[{"href":"https:\/\/viskanspa-se.tbwebsite.com\/en\/wp-json\/wp\/v2\/types\/product"}],"wp:featuredmedia":[{"embeddable":true,"href":"https:\/\/viskanspa-se.tbwebsite.com\/en\/wp-json\/wp\/v2\/media\/8183"}],"wp:attachment":[{"href":"https:\/\/viskanspa-se.tbwebsite.com\/en\/wp-json\/wp\/v2\/media?parent=8182"}],"wp:term":[{"taxonomy":"product_brand","embeddable":true,"href":"https:\/\/viskanspa-se.tbwebsite.com\/en\/wp-json\/wp\/v2\/product_brand?post=8182"},{"taxonomy":"product_cat","embeddable":true,"href":"https:\/\/viskanspa-se.tbwebsite.com\/en\/wp-json\/wp\/v2\/product_cat?post=8182"},{"taxonomy":"product_tag","embeddable":true,"href":"https:\/\/viskanspa-se.tbwebsite.com\/en\/wp-json\/wp\/v2\/product_tag?post=8182"}],"curies":[{"name":"wp","href":"https:\/\/api.w.org\/{rel}","templated":true}]}}