{"id":8202,"date":"2022-11-29T12:04:14","date_gmt":"2022-11-29T12:04:14","guid":{"rendered":"https:\/\/viskanspa-se.tbwebsite.com\/?post_type=product&#038;p=8202"},"modified":"2024-12-06T06:59:23","modified_gmt":"2024-12-06T06:59:23","slug":"varmare-lx-2000w","status":"publish","type":"product","link":"https:\/\/viskanspa-se.tbwebsite.com\/en\/spabad\/reservdelar\/varmare-lx-2000w\/","title":{"rendered":"V\u00e4rmare LX 2000W"},"content":{"rendered":"<p>V\u00e4rmare LX 2000W inkl. 2st 50mm union<\/p>\n<p>V\u00e4rmare i rostfritt st\u00e5l med inbyggd tryckvakt och kontrollkabel till extern styrbox.<\/p>\n<p>En tryckvakt \u00e4r inbyggd i kopplingsdosan p\u00e5 v\u00e4rmaren, om systemet g\u00e5r torrt skickas det en signal till styrboxen som st\u00e4nger av str\u00f6mmen till v\u00e4rmaren.<\/p>","protected":false},"excerpt":{"rendered":"<p>V\u00e4rmare LX 2000W inkl. 2st 50mm union V\u00e4rmare i rostfritt st\u00e5l med inbyggd tryckvakt och kontrollkabel till extern styrbox. En tryckvakt \u00e4r inbyggd i kopplingsdosan p\u00e5 v\u00e4rmaren, om systemet g\u00e5r torrt skickas det en signal till styrboxen som st\u00e4nger av str\u00f6mmen till v\u00e4rmaren.<\/p>","protected":false},"featured_media":8204,"template":"","meta":{"_acf_changed":false},"product_brand":[],"product_cat":[77,80],"product_tag":[],"class_list":{"0":"post-8202","1":"product","2":"type-product","3":"status-publish","4":"has-post-thumbnail","6":"product_cat-reservdelar","7":"product_cat-varmare","9":"first","10":"outofstock","11":"taxable","12":"shipping-taxable","13":"purchasable","14":"product-type-simple"},"acf":[],"_links":{"self":[{"href":"https:\/\/viskanspa-se.tbwebsite.com\/en\/wp-json\/wp\/v2\/product\/8202","targetHints":{"allow":["GET"]}}],"collection":[{"href":"https:\/\/viskanspa-se.tbwebsite.com\/en\/wp-json\/wp\/v2\/product"}],"about":[{"href":"https:\/\/viskanspa-se.tbwebsite.com\/en\/wp-json\/wp\/v2\/types\/product"}],"wp:featuredmedia":[{"embeddable":true,"href":"https:\/\/viskanspa-se.tbwebsite.com\/en\/wp-json\/wp\/v2\/media\/8204"}],"wp:attachment":[{"href":"https:\/\/viskanspa-se.tbwebsite.com\/en\/wp-json\/wp\/v2\/media?parent=8202"}],"wp:term":[{"taxonomy":"product_brand","embeddable":true,"href":"https:\/\/viskanspa-se.tbwebsite.com\/en\/wp-json\/wp\/v2\/product_brand?post=8202"},{"taxonomy":"product_cat","embeddable":true,"href":"https:\/\/viskanspa-se.tbwebsite.com\/en\/wp-json\/wp\/v2\/product_cat?post=8202"},{"taxonomy":"product_tag","embeddable":true,"href":"https:\/\/viskanspa-se.tbwebsite.com\/en\/wp-json\/wp\/v2\/product_tag?post=8202"}],"curies":[{"name":"wp","href":"https:\/\/api.w.org\/{rel}","templated":true}]}}