{"id":8231,"date":"2022-12-05T12:15:52","date_gmt":"2022-12-05T12:15:52","guid":{"rendered":"https:\/\/viskanspa-se.tbwebsite.com\/?post_type=product&#038;p=8231"},"modified":"2023-05-09T06:33:56","modified_gmt":"2023-05-09T06:33:56","slug":"airblower-lx-apd400-400w180w","status":"publish","type":"product","link":"https:\/\/viskanspa-se.tbwebsite.com\/en\/spabad\/reservdelar\/airblower-lx-apd400-400w180w\/","title":{"rendered":"Airblower LX APD400 400W+180W"},"content":{"rendered":"","protected":false},"excerpt":{"rendered":"<p>Kompressor LX 400W+180W.<\/p>\n<p>Tystg\u00e5ende kompressor\u00a0 med f\u00f6rv\u00e4rmare f\u00f6r spabad. Anslutning 50 mm union.<\/p>\n<p>1,5 m kabel med amp-koppling. 230V, 50Hz<\/p>","protected":false},"featured_media":8388,"template":"","meta":{"_acf_changed":false},"product_brand":[],"product_cat":[77,82],"product_tag":[],"class_list":{"0":"post-8231","1":"product","2":"type-product","3":"status-publish","4":"has-post-thumbnail","6":"product_cat-reservdelar","7":"product_cat-massagepumpar-luftpumpar","9":"first","10":"instock","11":"taxable","12":"shipping-taxable","13":"purchasable","14":"product-type-simple"},"acf":[],"_links":{"self":[{"href":"https:\/\/viskanspa-se.tbwebsite.com\/en\/wp-json\/wp\/v2\/product\/8231","targetHints":{"allow":["GET"]}}],"collection":[{"href":"https:\/\/viskanspa-se.tbwebsite.com\/en\/wp-json\/wp\/v2\/product"}],"about":[{"href":"https:\/\/viskanspa-se.tbwebsite.com\/en\/wp-json\/wp\/v2\/types\/product"}],"wp:featuredmedia":[{"embeddable":true,"href":"https:\/\/viskanspa-se.tbwebsite.com\/en\/wp-json\/wp\/v2\/media\/8388"}],"wp:attachment":[{"href":"https:\/\/viskanspa-se.tbwebsite.com\/en\/wp-json\/wp\/v2\/media?parent=8231"}],"wp:term":[{"taxonomy":"product_brand","embeddable":true,"href":"https:\/\/viskanspa-se.tbwebsite.com\/en\/wp-json\/wp\/v2\/product_brand?post=8231"},{"taxonomy":"product_cat","embeddable":true,"href":"https:\/\/viskanspa-se.tbwebsite.com\/en\/wp-json\/wp\/v2\/product_cat?post=8231"},{"taxonomy":"product_tag","embeddable":true,"href":"https:\/\/viskanspa-se.tbwebsite.com\/en\/wp-json\/wp\/v2\/product_tag?post=8231"}],"curies":[{"name":"wp","href":"https:\/\/api.w.org\/{rel}","templated":true}]}}