{"id":8354,"date":"2022-12-09T12:30:18","date_gmt":"2022-12-09T12:30:18","guid":{"rendered":"https:\/\/viskanspa-se.tbwebsite.com\/?post_type=product&#038;p=8354"},"modified":"2024-05-15T15:14:52","modified_gmt":"2024-05-15T15:14:52","slug":"hogtalare-oval","status":"publish","type":"product","link":"https:\/\/viskanspa-se.tbwebsite.com\/en\/spabad\/reservdelar\/hogtalare-oval\/","title":{"rendered":"H\u00f6gtalare, oval"},"content":{"rendered":"<p>OBS! Detta \u00e4r ej en popup h\u00f6gtalare.<\/p>","protected":false},"excerpt":{"rendered":"<p>H\u00f6gtalare f\u00f6r montering i spabadet. Undvik att placera h\u00f6gtalare under vattenniv\u00e5.<\/p>\n<p>Se m\u00e5ttskiss f\u00f6r h\u00e5lstorlek i spabadet<\/p>","protected":false},"featured_media":8357,"template":"","meta":{"_acf_changed":false},"product_brand":[],"product_cat":[77,89],"product_tag":[],"class_list":{"0":"post-8354","1":"product","2":"type-product","3":"status-publish","4":"has-post-thumbnail","6":"product_cat-reservdelar","7":"product_cat-musik","9":"first","10":"instock","11":"taxable","12":"shipping-taxable","13":"purchasable","14":"product-type-simple"},"acf":[],"_links":{"self":[{"href":"https:\/\/viskanspa-se.tbwebsite.com\/en\/wp-json\/wp\/v2\/product\/8354","targetHints":{"allow":["GET"]}}],"collection":[{"href":"https:\/\/viskanspa-se.tbwebsite.com\/en\/wp-json\/wp\/v2\/product"}],"about":[{"href":"https:\/\/viskanspa-se.tbwebsite.com\/en\/wp-json\/wp\/v2\/types\/product"}],"wp:featuredmedia":[{"embeddable":true,"href":"https:\/\/viskanspa-se.tbwebsite.com\/en\/wp-json\/wp\/v2\/media\/8357"}],"wp:attachment":[{"href":"https:\/\/viskanspa-se.tbwebsite.com\/en\/wp-json\/wp\/v2\/media?parent=8354"}],"wp:term":[{"taxonomy":"product_brand","embeddable":true,"href":"https:\/\/viskanspa-se.tbwebsite.com\/en\/wp-json\/wp\/v2\/product_brand?post=8354"},{"taxonomy":"product_cat","embeddable":true,"href":"https:\/\/viskanspa-se.tbwebsite.com\/en\/wp-json\/wp\/v2\/product_cat?post=8354"},{"taxonomy":"product_tag","embeddable":true,"href":"https:\/\/viskanspa-se.tbwebsite.com\/en\/wp-json\/wp\/v2\/product_tag?post=8354"}],"curies":[{"name":"wp","href":"https:\/\/api.w.org\/{rel}","templated":true}]}}