{"id":8575,"date":"2023-01-18T11:56:04","date_gmt":"2023-01-18T11:56:04","guid":{"rendered":"https:\/\/viskanspa-se.tbwebsite.com\/?post_type=product&#038;p=8575"},"modified":"2024-05-21T13:05:04","modified_gmt":"2024-05-21T13:05:04","slug":"packning-sqr-for-utlopp-och-luftjets","status":"publish","type":"product","link":"https:\/\/viskanspa-se.tbwebsite.com\/en\/spabad\/reservdelar\/packning-sqr-for-utlopp-och-luftjets\/","title":{"rendered":"Packning SQR f\u00f6r utlopp och luftjets"},"content":{"rendered":"","protected":false},"excerpt":{"rendered":"<p>Packning SQR f\u00f6r utlopp till aromaterapi (art.nr: 60732) samt f\u00f6r luftjets (artikel: 60744). Packningen s\u00e4tts in i h\u00e5let i badet och jetset trycks fast. Med denna packning beh\u00f6vs ej silikon eller mutter, f\u00f6r att f\u00e5 in jetset genom packningen beh\u00f6vs ett sm\u00f6rjmedel\/glidmedel som ej \u00e4r l\u00f6ddrande<\/p>\n<p>H\u00e5lstorlek i bad ca 17 mm<\/p>","protected":false},"featured_media":8578,"template":"","meta":{"_acf_changed":false},"product_brand":[],"product_cat":[77,101,93,90],"product_tag":[],"class_list":{"0":"post-8575","1":"product","2":"type-product","3":"status-publish","4":"has-post-thumbnail","6":"product_cat-reservdelar","7":"product_cat-in-utlopp","8":"product_cat-jets","9":"product_cat-luftreglage-aroma","11":"first","12":"instock","13":"taxable","14":"shipping-taxable","15":"purchasable","16":"product-type-simple"},"acf":[],"_links":{"self":[{"href":"https:\/\/viskanspa-se.tbwebsite.com\/en\/wp-json\/wp\/v2\/product\/8575","targetHints":{"allow":["GET"]}}],"collection":[{"href":"https:\/\/viskanspa-se.tbwebsite.com\/en\/wp-json\/wp\/v2\/product"}],"about":[{"href":"https:\/\/viskanspa-se.tbwebsite.com\/en\/wp-json\/wp\/v2\/types\/product"}],"wp:featuredmedia":[{"embeddable":true,"href":"https:\/\/viskanspa-se.tbwebsite.com\/en\/wp-json\/wp\/v2\/media\/8578"}],"wp:attachment":[{"href":"https:\/\/viskanspa-se.tbwebsite.com\/en\/wp-json\/wp\/v2\/media?parent=8575"}],"wp:term":[{"taxonomy":"product_brand","embeddable":true,"href":"https:\/\/viskanspa-se.tbwebsite.com\/en\/wp-json\/wp\/v2\/product_brand?post=8575"},{"taxonomy":"product_cat","embeddable":true,"href":"https:\/\/viskanspa-se.tbwebsite.com\/en\/wp-json\/wp\/v2\/product_cat?post=8575"},{"taxonomy":"product_tag","embeddable":true,"href":"https:\/\/viskanspa-se.tbwebsite.com\/en\/wp-json\/wp\/v2\/product_tag?post=8575"}],"curies":[{"name":"wp","href":"https:\/\/api.w.org\/{rel}","templated":true}]}}