{"id":8633,"date":"2023-01-24T13:59:51","date_gmt":"2023-01-24T13:59:51","guid":{"rendered":"https:\/\/viskanspa-se.tbwebsite.com\/?post_type=product&#038;p=8633"},"modified":"2025-02-28T13:44:08","modified_gmt":"2025-02-28T13:44:08","slug":"rofylld","status":"publish","type":"product","link":"https:\/\/viskanspa-se.tbwebsite.com\/en\/spabad\/bad\/rofylld\/","title":{"rendered":"Rofylld"},"content":{"rendered":"<p><strong>Number of seats<\/strong><\/p>\n<p><img decoding=\"async\" class=\"alignnone wp-image-6573\" src=\"https:\/\/viskanspa-se.tbwebsite.com\/wp-content\/uploads\/2022\/04\/viskan_spa_antal_platser.png\" alt=\"\" width=\"23\" height=\"56\" srcset=\"https:\/\/viskanspa-se.tbwebsite.com\/wp-content\/uploads\/2022\/04\/viskan_spa_antal_platser.png 40w, https:\/\/viskanspa-se.tbwebsite.com\/wp-content\/uploads\/2022\/04\/viskan_spa_antal_platser-5x12.png 5w\" sizes=\"(max-width: 23px) 100vw, 23px\" \/><img decoding=\"async\" class=\"alignnone wp-image-6573\" src=\"https:\/\/viskanspa-se.tbwebsite.com\/wp-content\/uploads\/2022\/04\/viskan_spa_antal_platser.png\" alt=\"\" width=\"23\" height=\"56\" srcset=\"https:\/\/viskanspa-se.tbwebsite.com\/wp-content\/uploads\/2022\/04\/viskan_spa_antal_platser.png 40w, https:\/\/viskanspa-se.tbwebsite.com\/wp-content\/uploads\/2022\/04\/viskan_spa_antal_platser-5x12.png 5w\" sizes=\"(max-width: 23px) 100vw, 23px\" \/><img decoding=\"async\" class=\"alignnone wp-image-6573\" src=\"https:\/\/viskanspa-se.tbwebsite.com\/wp-content\/uploads\/2022\/04\/viskan_spa_antal_platser.png\" alt=\"\" width=\"23\" height=\"56\" srcset=\"https:\/\/viskanspa-se.tbwebsite.com\/wp-content\/uploads\/2022\/04\/viskan_spa_antal_platser.png 40w, https:\/\/viskanspa-se.tbwebsite.com\/wp-content\/uploads\/2022\/04\/viskan_spa_antal_platser-5x12.png 5w\" sizes=\"(max-width: 23px) 100vw, 23px\" \/><img decoding=\"async\" class=\"alignnone wp-image-6573\" src=\"https:\/\/viskanspa-se.tbwebsite.com\/wp-content\/uploads\/2022\/04\/viskan_spa_antal_platser.png\" alt=\"\" width=\"23\" height=\"56\" srcset=\"https:\/\/viskanspa-se.tbwebsite.com\/wp-content\/uploads\/2022\/04\/viskan_spa_antal_platser.png 40w, https:\/\/viskanspa-se.tbwebsite.com\/wp-content\/uploads\/2022\/04\/viskan_spa_antal_platser-5x12.png 5w\" sizes=\"(max-width: 23px) 100vw, 23px\" \/><img decoding=\"async\" class=\"alignnone wp-image-6573\" src=\"https:\/\/viskanspa-se.tbwebsite.com\/wp-content\/uploads\/2022\/04\/viskan_spa_antal_platser.png\" alt=\"\" width=\"23\" height=\"56\" srcset=\"https:\/\/viskanspa-se.tbwebsite.com\/wp-content\/uploads\/2022\/04\/viskan_spa_antal_platser.png 40w, https:\/\/viskanspa-se.tbwebsite.com\/wp-content\/uploads\/2022\/04\/viskan_spa_antal_platser-5x12.png 5w\" sizes=\"(max-width: 23px) 100vw, 23px\" \/><img decoding=\"async\" class=\"alignnone wp-image-6573\" src=\"https:\/\/viskanspa-se.tbwebsite.com\/wp-content\/uploads\/2022\/04\/viskan_spa_antal_platser.png\" alt=\"\" width=\"23\" height=\"56\" srcset=\"https:\/\/viskanspa-se.tbwebsite.com\/wp-content\/uploads\/2022\/04\/viskan_spa_antal_platser.png 40w, https:\/\/viskanspa-se.tbwebsite.com\/wp-content\/uploads\/2022\/04\/viskan_spa_antal_platser-5x12.png 5w\" sizes=\"(max-width: 23px) 100vw, 23px\" \/><\/p>\n<p><strong>Type of seats<\/strong><\/p>\n<p><img decoding=\"async\" class=\"alignnone wp-image-6574\" src=\"https:\/\/viskanspa-se.tbwebsite.com\/wp-content\/uploads\/2022\/04\/viskan_spa_platstyp_sittande.png\" alt=\"\" width=\"46\" height=\"60\" srcset=\"https:\/\/viskanspa-se.tbwebsite.com\/wp-content\/uploads\/2022\/04\/viskan_spa_platstyp_sittande.png 76w, https:\/\/viskanspa-se.tbwebsite.com\/wp-content\/uploads\/2022\/04\/viskan_spa_platstyp_sittande-64x83.png 64w, https:\/\/viskanspa-se.tbwebsite.com\/wp-content\/uploads\/2022\/04\/viskan_spa_platstyp_sittande-9x12.png 9w\" sizes=\"(max-width: 46px) 100vw, 46px\" \/><\/p>\n<p><strong>SKALF\u00c4RG<\/strong><\/p>\n<p><img decoding=\"async\" class=\"alignnone wp-image-13742 size-full\" src=\"https:\/\/viskanspa-se.tbwebsite.com\/wp-content\/uploads\/2022\/04\/Sterling-skal.png\" alt=\"\" width=\"113\" height=\"113\" srcset=\"https:\/\/viskanspa-se.tbwebsite.com\/wp-content\/uploads\/2022\/04\/Sterling-skal.png 113w, https:\/\/viskanspa-se.tbwebsite.com\/wp-content\/uploads\/2022\/04\/Sterling-skal-100x100.png 100w, https:\/\/viskanspa-se.tbwebsite.com\/wp-content\/uploads\/2022\/04\/Sterling-skal-64x64.png 64w, https:\/\/viskanspa-se.tbwebsite.com\/wp-content\/uploads\/2022\/04\/Sterling-skal-12x12.png 12w\" sizes=\"(max-width: 113px) 100vw, 113px\" \/><br \/>\n<em>Sterling<\/em><\/p>\n<p><strong><br \/>\nPANELF\u00c4RGER<\/strong><\/p>\n<p><img loading=\"lazy\" decoding=\"async\" class=\"alignnone wp-image-13708\" src=\"https:\/\/viskanspa-se.tbwebsite.com\/wp-content\/uploads\/2023\/01\/Ny-Panel-Brun_3-300x300.png\" alt=\"\" width=\"125\" height=\"125\" srcset=\"https:\/\/viskanspa-se.tbwebsite.com\/wp-content\/uploads\/2023\/01\/Ny-Panel-Brun_3-300x300.png 300w, https:\/\/viskanspa-se.tbwebsite.com\/wp-content\/uploads\/2023\/01\/Ny-Panel-Brun_3-297x297.png 297w, https:\/\/viskanspa-se.tbwebsite.com\/wp-content\/uploads\/2023\/01\/Ny-Panel-Brun_3-100x100.png 100w, https:\/\/viskanspa-se.tbwebsite.com\/wp-content\/uploads\/2023\/01\/Ny-Panel-Brun_3-505x505.png 505w, https:\/\/viskanspa-se.tbwebsite.com\/wp-content\/uploads\/2023\/01\/Ny-Panel-Brun_3-64x64.png 64w, https:\/\/viskanspa-se.tbwebsite.com\/wp-content\/uploads\/2023\/01\/Ny-Panel-Brun_3-1024x1024.png 1024w, https:\/\/viskanspa-se.tbwebsite.com\/wp-content\/uploads\/2023\/01\/Ny-Panel-Brun_3-150x150.png 150w, https:\/\/viskanspa-se.tbwebsite.com\/wp-content\/uploads\/2023\/01\/Ny-Panel-Brun_3-768x768.png 768w, https:\/\/viskanspa-se.tbwebsite.com\/wp-content\/uploads\/2023\/01\/Ny-Panel-Brun_3-12x12.png 12w, https:\/\/viskanspa-se.tbwebsite.com\/wp-content\/uploads\/2023\/01\/Ny-Panel-Brun_3.png 1080w\" sizes=\"(max-width: 125px) 100vw, 125px\" \/>\u00a0 \u00a0 <img loading=\"lazy\" decoding=\"async\" class=\"alignnone wp-image-13711\" src=\"https:\/\/viskanspa-se.tbwebsite.com\/wp-content\/uploads\/2023\/01\/Ny-panel-Svart_2-HIGH-RES-Svart-300x300.jpg\" alt=\"\" width=\"124\" height=\"124\" srcset=\"https:\/\/viskanspa-se.tbwebsite.com\/wp-content\/uploads\/2023\/01\/Ny-panel-Svart_2-HIGH-RES-Svart-300x300.jpg 300w, https:\/\/viskanspa-se.tbwebsite.com\/wp-content\/uploads\/2023\/01\/Ny-panel-Svart_2-HIGH-RES-Svart-297x297.jpg 297w, https:\/\/viskanspa-se.tbwebsite.com\/wp-content\/uploads\/2023\/01\/Ny-panel-Svart_2-HIGH-RES-Svart-100x100.jpg 100w, https:\/\/viskanspa-se.tbwebsite.com\/wp-content\/uploads\/2023\/01\/Ny-panel-Svart_2-HIGH-RES-Svart-505x505.jpg 505w, https:\/\/viskanspa-se.tbwebsite.com\/wp-content\/uploads\/2023\/01\/Ny-panel-Svart_2-HIGH-RES-Svart-64x64.jpg 64w, https:\/\/viskanspa-se.tbwebsite.com\/wp-content\/uploads\/2023\/01\/Ny-panel-Svart_2-HIGH-RES-Svart-1024x1024.jpg 1024w, https:\/\/viskanspa-se.tbwebsite.com\/wp-content\/uploads\/2023\/01\/Ny-panel-Svart_2-HIGH-RES-Svart-150x150.jpg 150w, https:\/\/viskanspa-se.tbwebsite.com\/wp-content\/uploads\/2023\/01\/Ny-panel-Svart_2-HIGH-RES-Svart-768x768.jpg 768w, https:\/\/viskanspa-se.tbwebsite.com\/wp-content\/uploads\/2023\/01\/Ny-panel-Svart_2-HIGH-RES-Svart-12x12.jpg 12w, https:\/\/viskanspa-se.tbwebsite.com\/wp-content\/uploads\/2023\/01\/Ny-panel-Svart_2-HIGH-RES-Svart.jpg 1080w\" sizes=\"(max-width: 124px) 100vw, 124px\" \/><br \/>\n<em>Sand\u00a0 \u00a0 \u00a0 \u00a0 \u00a0 \u00a0 \u00a0 \u00a0 \u00a0 \u00a0 \u00a0 \u00a0 \u00a0 \u00a0 Svart<\/em><\/p>","protected":false},"excerpt":{"rendered":"<h4>Rofylld &#8211; ett bad med plats f\u00f6r m\u00e5nga.<\/h4>\n<p>Med ett Viskan Rofylld kan du njuta i varmt omslutande vatten i total tystnad och stillhet.<\/p>\n<p>Badet \u00e4r alltid p\u00e5fylld och kan njutas av under bar himmel oavsett s\u00e4song. Med andra ord \u00e4r det bara att lyfta p\u00e5 locket och krypa ner i det uppv\u00e4rmda badet som tillsammans med undervattensbelysning g\u00f6r kv\u00e4llsdoppet extra mysigt och spalikt.<\/p>\n<p><strong>Rek.pris: 59 995 kr<\/strong><\/p>","protected":false},"featured_media":8635,"template":"","meta":{"_acf_changed":false},"product_brand":[],"product_cat":[54,62],"product_tag":[],"class_list":{"0":"post-8633","1":"product","2":"type-product","3":"status-publish","4":"has-post-thumbnail","6":"product_cat-bad","7":"product_cat-for-aterforsaljare","9":"first","10":"instock","11":"taxable","12":"shipping-taxable","13":"product-type-simple"},"acf":[],"_links":{"self":[{"href":"https:\/\/viskanspa-se.tbwebsite.com\/en\/wp-json\/wp\/v2\/product\/8633","targetHints":{"allow":["GET"]}}],"collection":[{"href":"https:\/\/viskanspa-se.tbwebsite.com\/en\/wp-json\/wp\/v2\/product"}],"about":[{"href":"https:\/\/viskanspa-se.tbwebsite.com\/en\/wp-json\/wp\/v2\/types\/product"}],"wp:featuredmedia":[{"embeddable":true,"href":"https:\/\/viskanspa-se.tbwebsite.com\/en\/wp-json\/wp\/v2\/media\/8635"}],"wp:attachment":[{"href":"https:\/\/viskanspa-se.tbwebsite.com\/en\/wp-json\/wp\/v2\/media?parent=8633"}],"wp:term":[{"taxonomy":"product_brand","embeddable":true,"href":"https:\/\/viskanspa-se.tbwebsite.com\/en\/wp-json\/wp\/v2\/product_brand?post=8633"},{"taxonomy":"product_cat","embeddable":true,"href":"https:\/\/viskanspa-se.tbwebsite.com\/en\/wp-json\/wp\/v2\/product_cat?post=8633"},{"taxonomy":"product_tag","embeddable":true,"href":"https:\/\/viskanspa-se.tbwebsite.com\/en\/wp-json\/wp\/v2\/product_tag?post=8633"}],"curies":[{"name":"wp","href":"https:\/\/api.w.org\/{rel}","templated":true}]}}