{"id":8935,"date":"2023-03-02T07:16:41","date_gmt":"2023-03-02T07:16:41","guid":{"rendered":"https:\/\/viskanspa-se.tbwebsite.com\/?post_type=product&#038;p=8935"},"modified":"2024-05-21T10:42:18","modified_gmt":"2024-05-21T10:42:18","slug":"lamphus-sqr","status":"publish","type":"product","link":"https:\/\/viskanspa-se.tbwebsite.com\/en\/spabad\/reservdelar\/belysning\/lamphus-sqr\/","title":{"rendered":"Lamphus SQR"},"content":{"rendered":"","protected":false},"excerpt":{"rendered":"<p>Lamphus SQR f\u00f6r spabad. Lamphuset monteras med specialpackning som beh\u00f6ver best\u00e4llas till. Packningen f\u00e4sts i h\u00e5let p\u00e5 spabadet och lamphuset trycks in genom packningen. Silikon beh\u00f6ver ej anv\u00e4ndas d\u00e4remot n\u00e5got sm\u00f6rj\/glidmedel p\u00e5 packningen som ej \u00e4r l\u00f6ddrande.<\/p>\n<p>H\u00e5lstorlek 100,8 mm<\/p>\n<p>Art.nr 60735 &#8211; Packning till lamphus\u00a0 \u00a0 \u00a0 \u00a0Art.nr 60505 &#8211; Glidmedel<\/p>","protected":false},"featured_media":8937,"template":"","meta":{"_acf_changed":false},"product_brand":[],"product_cat":[83,77],"product_tag":[],"class_list":{"0":"post-8935","1":"product","2":"type-product","3":"status-publish","4":"has-post-thumbnail","6":"product_cat-belysning","7":"product_cat-reservdelar","9":"first","10":"instock","11":"taxable","12":"shipping-taxable","13":"purchasable","14":"product-type-simple"},"acf":[],"_links":{"self":[{"href":"https:\/\/viskanspa-se.tbwebsite.com\/en\/wp-json\/wp\/v2\/product\/8935","targetHints":{"allow":["GET"]}}],"collection":[{"href":"https:\/\/viskanspa-se.tbwebsite.com\/en\/wp-json\/wp\/v2\/product"}],"about":[{"href":"https:\/\/viskanspa-se.tbwebsite.com\/en\/wp-json\/wp\/v2\/types\/product"}],"wp:featuredmedia":[{"embeddable":true,"href":"https:\/\/viskanspa-se.tbwebsite.com\/en\/wp-json\/wp\/v2\/media\/8937"}],"wp:attachment":[{"href":"https:\/\/viskanspa-se.tbwebsite.com\/en\/wp-json\/wp\/v2\/media?parent=8935"}],"wp:term":[{"taxonomy":"product_brand","embeddable":true,"href":"https:\/\/viskanspa-se.tbwebsite.com\/en\/wp-json\/wp\/v2\/product_brand?post=8935"},{"taxonomy":"product_cat","embeddable":true,"href":"https:\/\/viskanspa-se.tbwebsite.com\/en\/wp-json\/wp\/v2\/product_cat?post=8935"},{"taxonomy":"product_tag","embeddable":true,"href":"https:\/\/viskanspa-se.tbwebsite.com\/en\/wp-json\/wp\/v2\/product_tag?post=8935"}],"curies":[{"name":"wp","href":"https:\/\/api.w.org\/{rel}","templated":true}]}}