{"id":8961,"date":"2023-03-07T12:16:22","date_gmt":"2023-03-07T12:16:22","guid":{"rendered":"https:\/\/viskanspa-se.tbwebsite.com\/?post_type=product&#038;p=8961"},"modified":"2023-11-17T08:49:20","modified_gmt":"2023-11-17T08:49:20","slug":"pumphus-balboa-3hp","status":"publish","type":"product","link":"https:\/\/viskanspa-se.tbwebsite.com\/en\/spabad\/reservdelar\/pumphus-balboa-3hp\/","title":{"rendered":"Pumphus Balboa 3hp"},"content":{"rendered":"","protected":false},"excerpt":{"rendered":"<p>Pumphus Balboa med impeller (3hp), 2&#8243; anslutningar p\u00e5 b\u00e5de sug- och trycksida<\/p>\n<p>Monteras p\u00e5 pump med 4 skruv som beh\u00f6ver best\u00e4llas extra, artnr <a href=\"\/en\/massagepumpar-luftpumpar\/monteringsskruv-pumphus\/\">60032<\/a><\/p>","protected":false},"featured_media":8962,"template":"","meta":{"_acf_changed":false},"product_brand":[],"product_cat":[77,82],"product_tag":[],"class_list":{"0":"post-8961","1":"product","2":"type-product","3":"status-publish","4":"has-post-thumbnail","6":"product_cat-reservdelar","7":"product_cat-massagepumpar-luftpumpar","9":"first","10":"instock","11":"taxable","12":"shipping-taxable","13":"purchasable","14":"product-type-simple"},"acf":[],"_links":{"self":[{"href":"https:\/\/viskanspa-se.tbwebsite.com\/en\/wp-json\/wp\/v2\/product\/8961","targetHints":{"allow":["GET"]}}],"collection":[{"href":"https:\/\/viskanspa-se.tbwebsite.com\/en\/wp-json\/wp\/v2\/product"}],"about":[{"href":"https:\/\/viskanspa-se.tbwebsite.com\/en\/wp-json\/wp\/v2\/types\/product"}],"wp:featuredmedia":[{"embeddable":true,"href":"https:\/\/viskanspa-se.tbwebsite.com\/en\/wp-json\/wp\/v2\/media\/8962"}],"wp:attachment":[{"href":"https:\/\/viskanspa-se.tbwebsite.com\/en\/wp-json\/wp\/v2\/media?parent=8961"}],"wp:term":[{"taxonomy":"product_brand","embeddable":true,"href":"https:\/\/viskanspa-se.tbwebsite.com\/en\/wp-json\/wp\/v2\/product_brand?post=8961"},{"taxonomy":"product_cat","embeddable":true,"href":"https:\/\/viskanspa-se.tbwebsite.com\/en\/wp-json\/wp\/v2\/product_cat?post=8961"},{"taxonomy":"product_tag","embeddable":true,"href":"https:\/\/viskanspa-se.tbwebsite.com\/en\/wp-json\/wp\/v2\/product_tag?post=8961"}],"curies":[{"name":"wp","href":"https:\/\/api.w.org\/{rel}","templated":true}]}}