{"id":9066,"date":"2023-03-17T13:15:52","date_gmt":"2023-03-17T13:15:52","guid":{"rendered":"https:\/\/viskanspa-se.tbwebsite.com\/?post_type=product&#038;p=9066"},"modified":"2024-05-14T14:06:25","modified_gmt":"2024-05-14T14:06:25","slug":"bakstycke-moon-crystal","status":"publish","type":"product","link":"https:\/\/viskanspa-se.tbwebsite.com\/en\/spabad\/reservdelar\/jets\/bakstycke-moon-crystal\/","title":{"rendered":"Bakstycke Moon \/ Crystal"},"content":{"rendered":"","protected":false},"excerpt":{"rendered":"<p>Bakstycke till Moon\/Crystal jets i vit PVC. Bakstycket t\u00e4tas med silikon innan mutter dras \u00e5t. Jetset skruvas in fr\u00e5n insidan av badet. Vattenanslutning 3\/4&#8243; eller 20 mm slang, luftanslutning 3\/8&#8243; eller 10 mm slang<\/p>\n<p>Bakstyckets h\u00e5lstorlek i bad:<\/p>\n<p>2\u201d\u00a0 38 mm<\/p>\n<p>2,5\u201d\u00a0 46 mm<\/p>\n<p>3,5\u201d-4\u201d 65 mm<\/p>\n<p>5\u201d<\/p>","protected":false},"featured_media":9071,"template":"","meta":{"_acf_changed":false},"product_brand":[],"product_cat":[93,77],"product_tag":[],"class_list":{"0":"post-9066","1":"product","2":"type-product","3":"status-publish","4":"has-post-thumbnail","6":"product_cat-jets","7":"product_cat-reservdelar","9":"first","10":"instock","11":"taxable","12":"shipping-taxable","13":"purchasable","14":"product-type-variable"},"acf":[],"_links":{"self":[{"href":"https:\/\/viskanspa-se.tbwebsite.com\/en\/wp-json\/wp\/v2\/product\/9066","targetHints":{"allow":["GET"]}}],"collection":[{"href":"https:\/\/viskanspa-se.tbwebsite.com\/en\/wp-json\/wp\/v2\/product"}],"about":[{"href":"https:\/\/viskanspa-se.tbwebsite.com\/en\/wp-json\/wp\/v2\/types\/product"}],"wp:featuredmedia":[{"embeddable":true,"href":"https:\/\/viskanspa-se.tbwebsite.com\/en\/wp-json\/wp\/v2\/media\/9071"}],"wp:attachment":[{"href":"https:\/\/viskanspa-se.tbwebsite.com\/en\/wp-json\/wp\/v2\/media?parent=9066"}],"wp:term":[{"taxonomy":"product_brand","embeddable":true,"href":"https:\/\/viskanspa-se.tbwebsite.com\/en\/wp-json\/wp\/v2\/product_brand?post=9066"},{"taxonomy":"product_cat","embeddable":true,"href":"https:\/\/viskanspa-se.tbwebsite.com\/en\/wp-json\/wp\/v2\/product_cat?post=9066"},{"taxonomy":"product_tag","embeddable":true,"href":"https:\/\/viskanspa-se.tbwebsite.com\/en\/wp-json\/wp\/v2\/product_tag?post=9066"}],"curies":[{"name":"wp","href":"https:\/\/api.w.org\/{rel}","templated":true}]}}