{"id":9208,"date":"2023-03-24T08:58:53","date_gmt":"2023-03-24T08:58:53","guid":{"rendered":"https:\/\/viskanspa-se.tbwebsite.com\/?post_type=product&#038;p=9208"},"modified":"2024-05-23T10:29:04","modified_gmt":"2024-05-23T10:29:04","slug":"returjets-cirkulation","status":"publish","type":"product","link":"https:\/\/viskanspa-se.tbwebsite.com\/en\/spabad\/reservdelar\/in-utlopp\/returjets-cirkulation\/","title":{"rendered":"Returjets cirkulation"},"content":{"rendered":"","protected":false},"excerpt":{"rendered":"<p>Returjet f\u00f6r cirkulationen, m\u00f6rkgr\u00e5 PVC med mutter. Returjetset t\u00e4tas med silikon p\u00e5 baksida bad innan mutter dras \u00e5t.<\/p>\n<p>Anslutning till 1,5&#8243; mm slang<\/p>\n<p>H\u00e5lstorlek i badet 60 mm<\/p>","protected":false},"featured_media":9210,"template":"","meta":{"_acf_changed":false},"product_brand":[],"product_cat":[77,101],"product_tag":[],"class_list":{"0":"post-9208","1":"product","2":"type-product","3":"status-publish","4":"has-post-thumbnail","6":"product_cat-reservdelar","7":"product_cat-in-utlopp","9":"first","10":"instock","11":"taxable","12":"shipping-taxable","13":"purchasable","14":"product-type-simple"},"acf":[],"_links":{"self":[{"href":"https:\/\/viskanspa-se.tbwebsite.com\/en\/wp-json\/wp\/v2\/product\/9208","targetHints":{"allow":["GET"]}}],"collection":[{"href":"https:\/\/viskanspa-se.tbwebsite.com\/en\/wp-json\/wp\/v2\/product"}],"about":[{"href":"https:\/\/viskanspa-se.tbwebsite.com\/en\/wp-json\/wp\/v2\/types\/product"}],"wp:featuredmedia":[{"embeddable":true,"href":"https:\/\/viskanspa-se.tbwebsite.com\/en\/wp-json\/wp\/v2\/media\/9210"}],"wp:attachment":[{"href":"https:\/\/viskanspa-se.tbwebsite.com\/en\/wp-json\/wp\/v2\/media?parent=9208"}],"wp:term":[{"taxonomy":"product_brand","embeddable":true,"href":"https:\/\/viskanspa-se.tbwebsite.com\/en\/wp-json\/wp\/v2\/product_brand?post=9208"},{"taxonomy":"product_cat","embeddable":true,"href":"https:\/\/viskanspa-se.tbwebsite.com\/en\/wp-json\/wp\/v2\/product_cat?post=9208"},{"taxonomy":"product_tag","embeddable":true,"href":"https:\/\/viskanspa-se.tbwebsite.com\/en\/wp-json\/wp\/v2\/product_tag?post=9208"}],"curies":[{"name":"wp","href":"https:\/\/api.w.org\/{rel}","templated":true}]}}