{"id":9325,"date":"2023-03-29T09:20:04","date_gmt":"2023-03-29T09:20:04","guid":{"rendered":"https:\/\/viskanspa-se.tbwebsite.com\/?post_type=product&#038;p=9325"},"modified":"2024-05-15T15:12:25","modified_gmt":"2024-05-15T15:12:25","slug":"gangad-union-till-filter","status":"publish","type":"product","link":"https:\/\/viskanspa-se.tbwebsite.com\/en\/spabad\/reservdelar\/filterhus-tillbehor\/gangad-union-till-filter\/","title":{"rendered":"G\u00e4ngad union till filter"},"content":{"rendered":"","protected":false},"excerpt":{"rendered":"<p>G\u00e4ngad union i vit PVC f\u00f6r att skruva fast filter. G\u00e4ngan passar filter med fin g\u00e4nga ca 56 mm<\/p>\n<p>H\u00e5lstorlek i bad<\/p>","protected":false},"featured_media":9308,"template":"","meta":{"_acf_changed":false},"product_brand":[],"product_cat":[86,77,101],"product_tag":[],"class_list":{"0":"post-9325","1":"product","2":"type-product","3":"status-publish","4":"has-post-thumbnail","6":"product_cat-filterhus-tillbehor","7":"product_cat-reservdelar","8":"product_cat-in-utlopp","10":"first","11":"instock","12":"taxable","13":"shipping-taxable","14":"purchasable","15":"product-type-simple"},"acf":[],"_links":{"self":[{"href":"https:\/\/viskanspa-se.tbwebsite.com\/en\/wp-json\/wp\/v2\/product\/9325","targetHints":{"allow":["GET"]}}],"collection":[{"href":"https:\/\/viskanspa-se.tbwebsite.com\/en\/wp-json\/wp\/v2\/product"}],"about":[{"href":"https:\/\/viskanspa-se.tbwebsite.com\/en\/wp-json\/wp\/v2\/types\/product"}],"wp:featuredmedia":[{"embeddable":true,"href":"https:\/\/viskanspa-se.tbwebsite.com\/en\/wp-json\/wp\/v2\/media\/9308"}],"wp:attachment":[{"href":"https:\/\/viskanspa-se.tbwebsite.com\/en\/wp-json\/wp\/v2\/media?parent=9325"}],"wp:term":[{"taxonomy":"product_brand","embeddable":true,"href":"https:\/\/viskanspa-se.tbwebsite.com\/en\/wp-json\/wp\/v2\/product_brand?post=9325"},{"taxonomy":"product_cat","embeddable":true,"href":"https:\/\/viskanspa-se.tbwebsite.com\/en\/wp-json\/wp\/v2\/product_cat?post=9325"},{"taxonomy":"product_tag","embeddable":true,"href":"https:\/\/viskanspa-se.tbwebsite.com\/en\/wp-json\/wp\/v2\/product_tag?post=9325"}],"curies":[{"name":"wp","href":"https:\/\/api.w.org\/{rel}","templated":true}]}}