{"id":9465,"date":"2023-04-03T08:15:48","date_gmt":"2023-04-03T08:15:48","guid":{"rendered":"https:\/\/viskanspa-se.tbwebsite.com\/?post_type=product&#038;p=9465"},"modified":"2024-05-15T14:20:29","modified_gmt":"2024-05-15T14:20:29","slug":"filterhus-hi-flo-sqr-svart","status":"publish","type":"product","link":"https:\/\/viskanspa-se.tbwebsite.com\/en\/spabad\/reservdelar\/filterhus-tillbehor\/filterhus-hi-flo-sqr-svart\/","title":{"rendered":"Filterhus Hi Flo SQR Svart"},"content":{"rendered":"","protected":false},"excerpt":{"rendered":"<p>Filterhus i PVC inkl svart l\u00f6vkorg och \u00f6verdel\/skimmer. 2&#8243; anslutning till vatten.<\/p>\n<p>Detta filter f\u00e4sts i badet med en specialpackning art.nr 60731, best\u00e4lls separat.<\/p>\n<p>Inget silikon beh\u00f6vs, sm\u00f6rj packningen med glidmedel som ej \u00e4r l\u00f6ddrande och tryck igenom filtret.<\/p>\n<p>H\u00e5lstorlek i badet f\u00f6r packningen 1835 mm<\/p>","protected":false},"featured_media":9466,"template":"","meta":{"_acf_changed":false},"product_brand":[],"product_cat":[86,77],"product_tag":[],"class_list":{"0":"post-9465","1":"product","2":"type-product","3":"status-publish","4":"has-post-thumbnail","6":"product_cat-filterhus-tillbehor","7":"product_cat-reservdelar","9":"first","10":"instock","11":"taxable","12":"shipping-taxable","13":"purchasable","14":"product-type-simple"},"acf":[],"_links":{"self":[{"href":"https:\/\/viskanspa-se.tbwebsite.com\/en\/wp-json\/wp\/v2\/product\/9465","targetHints":{"allow":["GET"]}}],"collection":[{"href":"https:\/\/viskanspa-se.tbwebsite.com\/en\/wp-json\/wp\/v2\/product"}],"about":[{"href":"https:\/\/viskanspa-se.tbwebsite.com\/en\/wp-json\/wp\/v2\/types\/product"}],"wp:featuredmedia":[{"embeddable":true,"href":"https:\/\/viskanspa-se.tbwebsite.com\/en\/wp-json\/wp\/v2\/media\/9466"}],"wp:attachment":[{"href":"https:\/\/viskanspa-se.tbwebsite.com\/en\/wp-json\/wp\/v2\/media?parent=9465"}],"wp:term":[{"taxonomy":"product_brand","embeddable":true,"href":"https:\/\/viskanspa-se.tbwebsite.com\/en\/wp-json\/wp\/v2\/product_brand?post=9465"},{"taxonomy":"product_cat","embeddable":true,"href":"https:\/\/viskanspa-se.tbwebsite.com\/en\/wp-json\/wp\/v2\/product_cat?post=9465"},{"taxonomy":"product_tag","embeddable":true,"href":"https:\/\/viskanspa-se.tbwebsite.com\/en\/wp-json\/wp\/v2\/product_tag?post=9465"}],"curies":[{"name":"wp","href":"https:\/\/api.w.org\/{rel}","templated":true}]}}