{"id":9593,"date":"2023-04-13T06:34:18","date_gmt":"2023-04-13T06:34:18","guid":{"rendered":"https:\/\/viskanspa-se.tbwebsite.com\/?post_type=product&#038;p=9593"},"modified":"2024-05-21T09:52:35","modified_gmt":"2024-05-21T09:52:35","slug":"kabel-blower-kontrollbox","status":"publish","type":"product","link":"https:\/\/viskanspa-se.tbwebsite.com\/en\/spabad\/reservdelar\/kabel-blower-kontrollbox\/","title":{"rendered":"Kabel blower kontrollbox"},"content":{"rendered":"","protected":false},"excerpt":{"rendered":"<p>Kabel med snabbkoppling och 10A s\u00e4kring som anv\u00e4nds n\u00e4r blowern kopplas in p\u00e5 expander board.<\/p>\n<p>Anv\u00e4nds tillsammans med splitter art nr 50864<\/p>","protected":false},"featured_media":9587,"template":"","meta":{"_acf_changed":false},"product_brand":[],"product_cat":[77,79],"product_tag":[],"class_list":{"0":"post-9593","1":"product","2":"type-product","3":"status-publish","4":"has-post-thumbnail","6":"product_cat-reservdelar","7":"product_cat-elboxar","9":"first","10":"instock","11":"taxable","12":"shipping-taxable","13":"purchasable","14":"product-type-simple"},"acf":[],"_links":{"self":[{"href":"https:\/\/viskanspa-se.tbwebsite.com\/en\/wp-json\/wp\/v2\/product\/9593","targetHints":{"allow":["GET"]}}],"collection":[{"href":"https:\/\/viskanspa-se.tbwebsite.com\/en\/wp-json\/wp\/v2\/product"}],"about":[{"href":"https:\/\/viskanspa-se.tbwebsite.com\/en\/wp-json\/wp\/v2\/types\/product"}],"wp:featuredmedia":[{"embeddable":true,"href":"https:\/\/viskanspa-se.tbwebsite.com\/en\/wp-json\/wp\/v2\/media\/9587"}],"wp:attachment":[{"href":"https:\/\/viskanspa-se.tbwebsite.com\/en\/wp-json\/wp\/v2\/media?parent=9593"}],"wp:term":[{"taxonomy":"product_brand","embeddable":true,"href":"https:\/\/viskanspa-se.tbwebsite.com\/en\/wp-json\/wp\/v2\/product_brand?post=9593"},{"taxonomy":"product_cat","embeddable":true,"href":"https:\/\/viskanspa-se.tbwebsite.com\/en\/wp-json\/wp\/v2\/product_cat?post=9593"},{"taxonomy":"product_tag","embeddable":true,"href":"https:\/\/viskanspa-se.tbwebsite.com\/en\/wp-json\/wp\/v2\/product_tag?post=9593"}],"curies":[{"name":"wp","href":"https:\/\/api.w.org\/{rel}","templated":true}]}}