{"id":9627,"date":"2023-04-14T10:47:33","date_gmt":"2023-04-14T10:47:33","guid":{"rendered":"https:\/\/viskanspa-se.tbwebsite.com\/?post_type=product&#038;p=9627"},"modified":"2024-08-16T06:53:25","modified_gmt":"2024-08-16T06:53:25","slug":"bakstycke-laguna","status":"publish","type":"product","link":"https:\/\/viskanspa-se.tbwebsite.com\/en\/spabad\/reservdelar\/jets\/bakstycke-laguna\/","title":{"rendered":"Bakstycke Laguna"},"content":{"rendered":"","protected":false},"excerpt":{"rendered":"<p>Bakstycke till Laguna jets i vit PVC. Bakstycket t\u00e4tas med silikon innan compensation ring &amp; mutter dras \u00e5t. Jetset skruvas in fr\u00e5n insidan av badet.<\/p>\n<p>Anslutning vatten : 3\/4&#8243; eller 20 mm slang, anslutning luft 3\/8&#8243; eller 10 mm slang<\/p>\n<p>Bakstyckets h\u00e5lstorlek i bad:<\/p>\n<p>3,\u201d- 54 mm<\/p>\n<p>3,5&#8243;-4&#8243; 65 mm<\/p>\n<p>5\u201d 100 mm<\/p>","protected":false},"featured_media":12899,"template":"","meta":{"_acf_changed":false},"product_brand":[],"product_cat":[93,77],"product_tag":[],"class_list":{"0":"post-9627","1":"product","2":"type-product","3":"status-publish","4":"has-post-thumbnail","6":"product_cat-jets","7":"product_cat-reservdelar","9":"first","10":"instock","11":"taxable","12":"shipping-taxable","13":"purchasable","14":"product-type-variable"},"acf":[],"_links":{"self":[{"href":"https:\/\/viskanspa-se.tbwebsite.com\/en\/wp-json\/wp\/v2\/product\/9627","targetHints":{"allow":["GET"]}}],"collection":[{"href":"https:\/\/viskanspa-se.tbwebsite.com\/en\/wp-json\/wp\/v2\/product"}],"about":[{"href":"https:\/\/viskanspa-se.tbwebsite.com\/en\/wp-json\/wp\/v2\/types\/product"}],"wp:featuredmedia":[{"embeddable":true,"href":"https:\/\/viskanspa-se.tbwebsite.com\/en\/wp-json\/wp\/v2\/media\/12899"}],"wp:attachment":[{"href":"https:\/\/viskanspa-se.tbwebsite.com\/en\/wp-json\/wp\/v2\/media?parent=9627"}],"wp:term":[{"taxonomy":"product_brand","embeddable":true,"href":"https:\/\/viskanspa-se.tbwebsite.com\/en\/wp-json\/wp\/v2\/product_brand?post=9627"},{"taxonomy":"product_cat","embeddable":true,"href":"https:\/\/viskanspa-se.tbwebsite.com\/en\/wp-json\/wp\/v2\/product_cat?post=9627"},{"taxonomy":"product_tag","embeddable":true,"href":"https:\/\/viskanspa-se.tbwebsite.com\/en\/wp-json\/wp\/v2\/product_tag?post=9627"}],"curies":[{"name":"wp","href":"https:\/\/api.w.org\/{rel}","templated":true}]}}