{"id":9661,"date":"2023-04-14T13:10:33","date_gmt":"2023-04-14T13:10:33","guid":{"rendered":"https:\/\/viskanspa-se.tbwebsite.com\/?post_type=product&#038;p=9661"},"modified":"2024-05-14T13:16:08","modified_gmt":"2024-05-14T13:16:08","slug":"servicetekniker-till-fast-pris","status":"publish","type":"product","link":"https:\/\/viskanspa-se.tbwebsite.com\/en\/spabad\/reservdelar\/ovrigt\/servicetekniker-till-fast-pris\/","title":{"rendered":"Installation av reservdel till fast pris"},"content":{"rendered":"","protected":false},"excerpt":{"rendered":"<h2 data-elementor-setting-key=\"title\" data-pen-placeholder=\"Skriv h\u00e4r...\">Boka en servicetekniker f\u00f6r installation till ett fast pris, 1500 kr!<\/h2>\n<p>Erbjudande g\u00e4ller endast vid k\u00f6p av reservdelar av Viskan spa och inom geografiskt omr\u00e5de fr\u00e5n s\u00f6dra Sverige upp till G\u00e4vle.<\/p>","protected":false},"featured_media":9662,"template":"","meta":{"_acf_changed":false},"product_brand":[],"product_cat":[77,94],"product_tag":[],"class_list":{"0":"post-9661","1":"product","2":"type-product","3":"status-publish","4":"has-post-thumbnail","6":"product_cat-reservdelar","7":"product_cat-ovrigt","9":"first","10":"instock","11":"taxable","12":"shipping-taxable","13":"purchasable","14":"product-type-simple"},"acf":[],"_links":{"self":[{"href":"https:\/\/viskanspa-se.tbwebsite.com\/en\/wp-json\/wp\/v2\/product\/9661","targetHints":{"allow":["GET"]}}],"collection":[{"href":"https:\/\/viskanspa-se.tbwebsite.com\/en\/wp-json\/wp\/v2\/product"}],"about":[{"href":"https:\/\/viskanspa-se.tbwebsite.com\/en\/wp-json\/wp\/v2\/types\/product"}],"wp:featuredmedia":[{"embeddable":true,"href":"https:\/\/viskanspa-se.tbwebsite.com\/en\/wp-json\/wp\/v2\/media\/9662"}],"wp:attachment":[{"href":"https:\/\/viskanspa-se.tbwebsite.com\/en\/wp-json\/wp\/v2\/media?parent=9661"}],"wp:term":[{"taxonomy":"product_brand","embeddable":true,"href":"https:\/\/viskanspa-se.tbwebsite.com\/en\/wp-json\/wp\/v2\/product_brand?post=9661"},{"taxonomy":"product_cat","embeddable":true,"href":"https:\/\/viskanspa-se.tbwebsite.com\/en\/wp-json\/wp\/v2\/product_cat?post=9661"},{"taxonomy":"product_tag","embeddable":true,"href":"https:\/\/viskanspa-se.tbwebsite.com\/en\/wp-json\/wp\/v2\/product_tag?post=9661"}],"curies":[{"name":"wp","href":"https:\/\/api.w.org\/{rel}","templated":true}]}}